{"id":40,"date":"2025-03-07T23:14:57","date_gmt":"2025-03-07T23:14:57","guid":{"rendered":"http:\/\/habla.org.mx\/?page_id=40"},"modified":"2026-01-27T02:46:25","modified_gmt":"2026-01-27T02:46:25","slug":"servicios","status":"publish","type":"page","link":"https:\/\/habla.org.mx\/index.php\/servicios\/","title":{"rendered":"Servicios"},"content":{"rendered":"\n<div class=\"wp-block-group\"><div class=\"wp-block-group__inner-container is-layout-constrained wp-block-group-is-layout-constrained\">\n<h2 class=\"wp-block-heading\">Nuestros Servicios<\/h2>\n\n\n\n<ul class=\"wp-block-list\">\n<li>Psicoterapia Individual y de Pareja: Sesiones dise\u00f1adas para abordar problemas emocionales, mejorar la comunicaci\u00f3n y fortalecer las relaciones.<\/li>\n\n\n\n<li>Terapia en L\u00ednea: Accede a nuestro apoyo profesional desde la comodidad de tu hogar, con sesiones virtuales que se adaptan a tus horarios y necesidades.<\/li>\n\n\n\n<li>Estimulaci\u00f3n El\u00e9ctrica Transcraneal (tDCS): Un tratamiento avanzado para condiciones neurol\u00f3gicas y mentales, que ayuda a mejorar el funcionamiento cerebral.<\/li>\n<\/ul>\n\n\n<div class=\"wp-block-image\">\n<figure class=\"aligncenter size-full\"><img data-recalc-dims=\"1\" loading=\"lazy\" decoding=\"async\" width=\"640\" height=\"427\" src=\"https:\/\/i0.wp.com\/habla.org.mx\/wp-content\/uploads\/2025\/03\/beto-con-paciente2.jpg?resize=640%2C427&#038;ssl=1\" alt=\"\" class=\"wp-image-95\" srcset=\"https:\/\/i0.wp.com\/habla.org.mx\/wp-content\/uploads\/2025\/03\/beto-con-paciente2.jpg?w=1200&amp;ssl=1 1200w, https:\/\/i0.wp.com\/habla.org.mx\/wp-content\/uploads\/2025\/03\/beto-con-paciente2.jpg?resize=600%2C400&amp;ssl=1 600w, https:\/\/i0.wp.com\/habla.org.mx\/wp-content\/uploads\/2025\/03\/beto-con-paciente2.jpg?resize=300%2C200&amp;ssl=1 300w, https:\/\/i0.wp.com\/habla.org.mx\/wp-content\/uploads\/2025\/03\/beto-con-paciente2.jpg?resize=1024%2C683&amp;ssl=1 1024w, https:\/\/i0.wp.com\/habla.org.mx\/wp-content\/uploads\/2025\/03\/beto-con-paciente2.jpg?resize=768%2C512&amp;ssl=1 768w\" sizes=\"auto, (max-width: 640px) 100vw, 640px\" \/><\/figure>\n<\/div><\/div><\/div>\n\n\n\n<div style=\"height:100px\" aria-hidden=\"true\" class=\"wp-block-spacer\"><\/div>\n\n\n\n<div class=\"wp-block-media-text alignwide has-media-on-the-right is-stacked-on-mobile is-vertically-aligned-center\" style=\"grid-template-columns:auto 34%\"><div class=\"wp-block-media-text__content\">\n<div class=\"wp-block-group\" style=\"padding-top:2em;padding-right:2em;padding-bottom:2em;padding-left:2em\"><div class=\"wp-block-group__inner-container is-layout-flow wp-block-group-is-layout-flow\">\n<h2 class=\"wp-block-heading\">Psicoterapia Individual y de Pareja:<\/h2>\n\n\n\n<ul class=\"wp-block-list\">\n<li> Sesiones dise\u00f1adas para abordar problemas emocionales, mejorar la comunicaci\u00f3n y fortalecer las relaciones.<\/li>\n<\/ul>\n<\/div><\/div>\n<\/div><figure class=\"wp-block-media-text__media\"><img data-recalc-dims=\"1\" loading=\"lazy\" decoding=\"async\" width=\"640\" height=\"960\" src=\"https:\/\/i0.wp.com\/habla.org.mx\/wp-content\/uploads\/2025\/03\/beto-con-paciente.jpg?resize=640%2C960&#038;ssl=1\" alt=\"\" class=\"wp-image-94 size-full\" srcset=\"https:\/\/i0.wp.com\/habla.org.mx\/wp-content\/uploads\/2025\/03\/beto-con-paciente.jpg?resize=683%2C1024&amp;ssl=1 683w, https:\/\/i0.wp.com\/habla.org.mx\/wp-content\/uploads\/2025\/03\/beto-con-paciente.jpg?resize=600%2C900&amp;ssl=1 600w, https:\/\/i0.wp.com\/habla.org.mx\/wp-content\/uploads\/2025\/03\/beto-con-paciente.jpg?resize=200%2C300&amp;ssl=1 200w, https:\/\/i0.wp.com\/habla.org.mx\/wp-content\/uploads\/2025\/03\/beto-con-paciente.jpg?resize=768%2C1152&amp;ssl=1 768w, https:\/\/i0.wp.com\/habla.org.mx\/wp-content\/uploads\/2025\/03\/beto-con-paciente.jpg?w=800&amp;ssl=1 800w\" sizes=\"auto, (max-width: 640px) 100vw, 640px\" \/><\/figure><\/div>\n\n\n\n<div style=\"height:100px\" aria-hidden=\"true\" class=\"wp-block-spacer\"><\/div>\n\n\n\n<div class=\"wp-block-media-text alignwide is-stacked-on-mobile is-vertically-aligned-center\" style=\"grid-template-columns:34% auto\"><figure class=\"wp-block-media-text__media\"><img data-recalc-dims=\"1\" loading=\"lazy\" decoding=\"async\" width=\"640\" height=\"960\" src=\"https:\/\/i0.wp.com\/habla.org.mx\/wp-content\/uploads\/2025\/03\/beto-con-paciente.jpg?resize=640%2C960&#038;ssl=1\" alt=\"\" class=\"wp-image-94 size-full\" srcset=\"https:\/\/i0.wp.com\/habla.org.mx\/wp-content\/uploads\/2025\/03\/beto-con-paciente.jpg?resize=683%2C1024&amp;ssl=1 683w, https:\/\/i0.wp.com\/habla.org.mx\/wp-content\/uploads\/2025\/03\/beto-con-paciente.jpg?resize=600%2C900&amp;ssl=1 600w, https:\/\/i0.wp.com\/habla.org.mx\/wp-content\/uploads\/2025\/03\/beto-con-paciente.jpg?resize=200%2C300&amp;ssl=1 200w, https:\/\/i0.wp.com\/habla.org.mx\/wp-content\/uploads\/2025\/03\/beto-con-paciente.jpg?resize=768%2C1152&amp;ssl=1 768w, https:\/\/i0.wp.com\/habla.org.mx\/wp-content\/uploads\/2025\/03\/beto-con-paciente.jpg?w=800&amp;ssl=1 800w\" sizes=\"auto, (max-width: 640px) 100vw, 640px\" \/><\/figure><div class=\"wp-block-media-text__content\">\n<div class=\"wp-block-group\" style=\"padding-top:2em;padding-right:2em;padding-bottom:2em;padding-left:2em\"><div class=\"wp-block-group__inner-container is-layout-flow wp-block-group-is-layout-flow\">\n<h2 class=\"wp-block-heading\">Terapia en L\u00ednea:<\/h2>\n\n\n\n<ul class=\"wp-block-list\">\n<li>Accede a nuestro apoyo profesional desde la comodidad de tu hogar, con sesiones virtuales que se adaptan a tus horarios y necesidades.<\/li>\n<\/ul>\n<\/div><\/div>\n<\/div><\/div>\n\n\n\n<div style=\"height:100px\" aria-hidden=\"true\" class=\"wp-block-spacer\"><\/div>\n\n\n\n<div class=\"wp-block-media-text alignwide has-media-on-the-right is-stacked-on-mobile is-vertically-aligned-center\" style=\"grid-template-columns:auto 56%\"><div class=\"wp-block-media-text__content\">\n<div class=\"wp-block-group\" style=\"padding-top:2em;padding-right:2em;padding-bottom:2em;padding-left:2em\"><div class=\"wp-block-group__inner-container is-layout-flow wp-block-group-is-layout-flow\">\n<h2 class=\"wp-block-heading\">Estimulaci\u00f3n El\u00e9ctrica Transcraneal (tDCS):<\/h2>\n\n\n\n<ul class=\"wp-block-list\">\n<li>Un tratamiento avanzado para condiciones neurol\u00f3gicas y mentales, que ayuda a mejorar el funcionamiento cerebral.<\/li>\n<\/ul>\n<\/div><\/div>\n<\/div><figure class=\"wp-block-media-text__media\"><img data-recalc-dims=\"1\" loading=\"lazy\" decoding=\"async\" width=\"640\" height=\"427\" src=\"https:\/\/i0.wp.com\/habla.org.mx\/wp-content\/uploads\/2025\/03\/terapia-electrica-transcraneal.jpg?resize=640%2C427&#038;ssl=1\" alt=\"\" class=\"wp-image-188 size-full\" srcset=\"https:\/\/i0.wp.com\/habla.org.mx\/wp-content\/uploads\/2025\/03\/terapia-electrica-transcraneal.jpg?resize=1024%2C683&amp;ssl=1 1024w, https:\/\/i0.wp.com\/habla.org.mx\/wp-content\/uploads\/2025\/03\/terapia-electrica-transcraneal.jpg?resize=600%2C400&amp;ssl=1 600w, https:\/\/i0.wp.com\/habla.org.mx\/wp-content\/uploads\/2025\/03\/terapia-electrica-transcraneal.jpg?resize=300%2C200&amp;ssl=1 300w, https:\/\/i0.wp.com\/habla.org.mx\/wp-content\/uploads\/2025\/03\/terapia-electrica-transcraneal.jpg?resize=768%2C512&amp;ssl=1 768w, https:\/\/i0.wp.com\/habla.org.mx\/wp-content\/uploads\/2025\/03\/terapia-electrica-transcraneal.jpg?w=1200&amp;ssl=1 1200w\" sizes=\"auto, (max-width: 640px) 100vw, 640px\" \/><\/figure><\/div>\n\n\n\n<div style=\"height:100px\" aria-hidden=\"true\" class=\"wp-block-spacer\"><\/div>\n","protected":false},"excerpt":{"rendered":"<p>Nuestros Servicios<\/p>\n","protected":false},"author":1,"featured_media":0,"parent":0,"menu_order":0,"comment_status":"closed","ping_status":"closed","template":"","meta":{"_joinchat":[],"footnotes":""},"class_list":["post-40","page","type-page","status-publish","hentry"],"jetpack_sharing_enabled":true,"jetpack_likes_enabled":true,"_links":{"self":[{"href":"https:\/\/habla.org.mx\/index.php\/wp-json\/wp\/v2\/pages\/40","targetHints":{"allow":["GET"]}}],"collection":[{"href":"https:\/\/habla.org.mx\/index.php\/wp-json\/wp\/v2\/pages"}],"about":[{"href":"https:\/\/habla.org.mx\/index.php\/wp-json\/wp\/v2\/types\/page"}],"author":[{"embeddable":true,"href":"https:\/\/habla.org.mx\/index.php\/wp-json\/wp\/v2\/users\/1"}],"replies":[{"embeddable":true,"href":"https:\/\/habla.org.mx\/index.php\/wp-json\/wp\/v2\/comments?post=40"}],"version-history":[{"count":13,"href":"https:\/\/habla.org.mx\/index.php\/wp-json\/wp\/v2\/pages\/40\/revisions"}],"predecessor-version":[{"id":561,"href":"https:\/\/habla.org.mx\/index.php\/wp-json\/wp\/v2\/pages\/40\/revisions\/561"}],"wp:attachment":[{"href":"https:\/\/habla.org.mx\/index.php\/wp-json\/wp\/v2\/media?parent=40"}],"curies":[{"name":"wp","href":"https:\/\/api.w.org\/{rel}","templated":true}]}}