{"id":9,"date":"2025-03-07T22:37:51","date_gmt":"2025-03-07T22:37:51","guid":{"rendered":"http:\/\/habla.org.mx\/?page_id=9"},"modified":"2026-01-27T02:43:20","modified_gmt":"2026-01-27T02:43:20","slug":"inicio","status":"publish","type":"page","link":"https:\/\/habla.org.mx\/","title":{"rendered":"Inicio"},"content":{"rendered":"\n<h2 class=\"wp-block-heading has-text-align-center\">Bienvenidos a Habla &#8211; Tu Espacio de Psicoterapia y Salud Mental<\/h2>\n\n\n\n<p><br>En Habla, nos especializamos en brindar apoyo psicol\u00f3gico y terap\u00e9utico, ofreciendo un espacio seguro y acogedor para que puedas expresarte libremente y encontrar el equilibrio emocional que necesitas. <\/p>\n\n\n\n<p>Con m\u00e1s de 10 a\u00f1os de experiencia y un equipo de profesionales dedicados, estamos aqu\u00ed para acompa\u00f1arte en cada paso de tu camino hacia el bienestar.<\/p>\n\n\n\n<div style=\"height:100px\" aria-hidden=\"true\" class=\"wp-block-spacer\"><\/div>\n\n\n\n<div class=\"wp-block-group\"><div class=\"wp-block-group__inner-container is-layout-constrained wp-block-group-is-layout-constrained\">\n<h2 class=\"wp-block-heading\">\u00bfPor Qu\u00e9 Elegir Habla?<\/h2>\n\n\n\n<ul class=\"wp-block-list\">\n<li>Experiencia y Profesionalismo: M\u00e1s de una d\u00e9cada de experiencia respaldan nuestro trabajo.<\/li>\n\n\n\n<li>Equipo Multidisciplinario: Profesionales altamente cualificados en diferentes \u00e1reas de la salud mental.<\/li>\n\n\n\n<li>Enfoque Personalizado: Tratamientos adaptados a tus necesidades espec\u00edficas.<\/li>\n\n\n\n<li>Innovaci\u00f3n Terap\u00e9utica: Uso de tecnolog\u00edas avanzadas como la estimulaci\u00f3n el\u00e9ctrica transcraneal.<\/li>\n\n\n\n<li>Flexibilidad y Accesibilidad: Terapia en l\u00ednea para que puedas recibir apoyo desde cualquier lugar.<\/li>\n<\/ul>\n\n\n\n<div style=\"height:100px\" aria-hidden=\"true\" class=\"wp-block-spacer\"><\/div>\n\n\n<div class=\"wp-block-image\">\n<figure class=\"aligncenter size-full\"><img data-recalc-dims=\"1\" loading=\"lazy\" decoding=\"async\" width=\"593\" height=\"396\" src=\"https:\/\/i0.wp.com\/habla.org.mx\/wp-content\/uploads\/2026\/01\/inicio-banner.png?resize=593%2C396&#038;ssl=1\" alt=\"\" class=\"wp-image-446\" srcset=\"https:\/\/i0.wp.com\/habla.org.mx\/wp-content\/uploads\/2026\/01\/inicio-banner.png?w=593&amp;ssl=1 593w, https:\/\/i0.wp.com\/habla.org.mx\/wp-content\/uploads\/2026\/01\/inicio-banner.png?resize=300%2C200&amp;ssl=1 300w\" sizes=\"auto, (max-width: 593px) 100vw, 593px\" \/><\/figure>\n<\/div><\/div><\/div>\n\n\n\n<div style=\"height:100px\" aria-hidden=\"true\" class=\"wp-block-spacer\"><\/div>\n\n\n\n<div class=\"wp-block-media-text alignfull has-media-on-the-right is-stacked-on-mobile is-vertically-aligned-center is-style-default\" style=\"grid-template-columns:auto 56%\"><div class=\"wp-block-media-text__content\">\n<h2 class=\"wp-block-heading has-text-color\" style=\"color:#000000\"><strong>\u00bfPor Qu\u00e9 Elegir Habla?<\/strong><\/h2>\n\n\n\n<div class=\"wp-block-group\"><div class=\"wp-block-group__inner-container is-layout-constrained wp-block-group-is-layout-constrained\">\n<ul class=\"wp-block-list\">\n<li>Experiencia y Profesionalismo: M\u00e1s de una d\u00e9cada de experiencia respaldan nuestro trabajo.<\/li>\n\n\n\n<li>Equipo Multidisciplinario: Profesionales altamente cualificados en diferentes \u00e1reas de la salud mental.<\/li>\n\n\n\n<li>Enfoque Personalizado: Tratamientos adaptados a tus necesidades espec\u00edficas.<\/li>\n\n\n\n<li>Innovaci\u00f3n Terap\u00e9utica: Uso de tecnolog\u00edas avanzadas como la estimulaci\u00f3n el\u00e9ctrica transcraneal.<\/li>\n\n\n\n<li>Flexibilidad y Accesibilidad: Terapia en l\u00ednea para que puedas recibir apoyo desde cualquier lugar.<\/li>\n<\/ul>\n<\/div><\/div>\n<\/div><figure class=\"wp-block-media-text__media\"><img data-recalc-dims=\"1\" loading=\"lazy\" decoding=\"async\" width=\"593\" height=\"396\" src=\"https:\/\/i0.wp.com\/habla.org.mx\/wp-content\/uploads\/2026\/01\/inicio-banner.png?resize=593%2C396&#038;ssl=1\" alt=\"\" class=\"wp-image-446 size-full\" srcset=\"https:\/\/i0.wp.com\/habla.org.mx\/wp-content\/uploads\/2026\/01\/inicio-banner.png?w=593&amp;ssl=1 593w, https:\/\/i0.wp.com\/habla.org.mx\/wp-content\/uploads\/2026\/01\/inicio-banner.png?resize=300%2C200&amp;ssl=1 300w\" sizes=\"auto, (max-width: 593px) 100vw, 593px\" \/><\/figure><\/div>\n\n\n\n<div style=\"height:100px\" aria-hidden=\"true\" class=\"wp-block-spacer\"><\/div>\n","protected":false},"excerpt":{"rendered":"<p>Bienvenidos a Habla &#8211; Tu Espacio de Psicoterapia y Salud Mental En Habla, nos especializamos en brindar apoyo psicol\u00f3gico y terap\u00e9utico, ofreciendo un espacio seguro [&hellip;]<\/p>\n","protected":false},"author":1,"featured_media":0,"parent":0,"menu_order":0,"comment_status":"closed","ping_status":"closed","template":"","meta":{"_joinchat":[],"footnotes":""},"class_list":["post-9","page","type-page","status-publish","hentry"],"jetpack_sharing_enabled":true,"jetpack_likes_enabled":true,"_links":{"self":[{"href":"https:\/\/habla.org.mx\/index.php\/wp-json\/wp\/v2\/pages\/9","targetHints":{"allow":["GET"]}}],"collection":[{"href":"https:\/\/habla.org.mx\/index.php\/wp-json\/wp\/v2\/pages"}],"about":[{"href":"https:\/\/habla.org.mx\/index.php\/wp-json\/wp\/v2\/types\/page"}],"author":[{"embeddable":true,"href":"https:\/\/habla.org.mx\/index.php\/wp-json\/wp\/v2\/users\/1"}],"replies":[{"embeddable":true,"href":"https:\/\/habla.org.mx\/index.php\/wp-json\/wp\/v2\/comments?post=9"}],"version-history":[{"count":12,"href":"https:\/\/habla.org.mx\/index.php\/wp-json\/wp\/v2\/pages\/9\/revisions"}],"predecessor-version":[{"id":558,"href":"https:\/\/habla.org.mx\/index.php\/wp-json\/wp\/v2\/pages\/9\/revisions\/558"}],"wp:attachment":[{"href":"https:\/\/habla.org.mx\/index.php\/wp-json\/wp\/v2\/media?parent=9"}],"curies":[{"name":"wp","href":"https:\/\/api.w.org\/{rel}","templated":true}]}}